{"id":8652,"date":"2011-12-31T00:19:53","date_gmt":"2011-12-30T22:19:53","guid":{"rendered":"https:\/\/www.redb.info\/coches\/?page_id=8652"},"modified":"2021-08-25T12:29:44","modified_gmt":"2021-08-25T17:29:44","slug":"redb-info-alquiler-de-coches","status":"publish","type":"page","link":"https:\/\/www.redb.info\/coches\/","title":{"rendered":"Alquiler de coches"},"content":{"rendered":"<p><div class=\"adv-up\"><script async src=\"\/\/pagead2.googlesyndication.com\/pagead\/js\/adsbygoogle.js\"><\/script>\r\n<!-- Redb.info conte-up 336x280 -->\r\n<ins class=\"adsbygoogle\"\r\n     style=\"display:inline-block;width:336px;height:280px\"\r\n     data-ad-client=\"ca-pub-0990833658589974\"\r\n     data-ad-slot=\"4545034929\"><\/ins>\r\n<script>\r\n(adsbygoogle = window.adsbygoogle || []).push({});\r\n<\/script><\/div><br \/>\n<a href=\"https:\/\/www.redb.info\/coches\/imagenes\/Alquiler-de-coches.jpg\"><img loading=\"lazy\"  data-headline=\"Alquiler de coches\" src=\"https:\/\/www.redb.info\/coches\/imagenes\/Alquiler-de-coches-250x141.jpg\" alt=\"Alquiler de coches\" width=\"250\" height=\"141\" class=\"alignright size-medium wp-image-17032\" srcset=\"https:\/\/www.redb.info\/coches\/imagenes\/Alquiler-de-coches-250x141.jpg 250w, https:\/\/www.redb.info\/coches\/imagenes\/Alquiler-de-coches-150x84.jpg 150w, https:\/\/www.redb.info\/coches\/imagenes\/Alquiler-de-coches-768x432.jpg 768w, https:\/\/www.redb.info\/coches\/imagenes\/Alquiler-de-coches-1536x864.jpg 1536w, https:\/\/www.redb.info\/coches\/imagenes\/Alquiler-de-coches.jpg 1800w\" sizes=\"(max-width: 250px) 100vw, 250px\" \/><\/a> Encuentra en Redb.info toda la informaci\u00f3n que necesites para solicitar el servicio de <strong>alquiler de coches<\/strong>. <\/p>\n<p>En esta p\u00e1gina podr\u00e1s consultar nuestras gu\u00edas de c\u00f3mo <strong>rentar un auto<\/strong> dependiendo del lugar donde est\u00e9s y, de igual forma, recibir informaci\u00f3n de los <a href=\"http:\/\/aeropuertos.net\" rel=\"noopener\" target=\"_blank\">aeropuertos<\/a> cercanos. <\/p>\n<h2><i class=\"i-margin icon-info-circle\"><\/i>Requisitos para alquilar un coche<\/h2>\n<div id=\"attachment_16589\" style=\"width: 260px\" class=\"wp-caption alignright\"><a href=\"https:\/\/www.redb.info\/coches\/imagenes\/requisitos.jpg\" rel=\"attachment wp-att-16589\"><img loading=\"lazy\"  data-headline=\"La edad requerida para alquilar un coche es 25 a\u00f1os\" src=\"https:\/\/www.redb.info\/coches\/imagenes\/requisitos-250x188.jpg\" alt=\"La edad requerida para alquilar un coche es 25 a\u00f1os\" width=\"250\" height=\"188\" class=\"size-medium wp-image-16589\" srcset=\"https:\/\/www.redb.info\/coches\/imagenes\/requisitos-250x188.jpg 250w, https:\/\/www.redb.info\/coches\/imagenes\/requisitos-150x113.jpg 150w, https:\/\/www.redb.info\/coches\/imagenes\/requisitos-768x576.jpg 768w, https:\/\/www.redb.info\/coches\/imagenes\/requisitos.jpg 1280w\" sizes=\"(max-width: 250px) 100vw, 250px\" \/><\/a><p class=\"wp-caption-text\">La edad requerida para alquilar un coche es 25 a\u00f1os<\/p><\/div>\n\n<ul class=\"icons\" >\n<li><i class=\"icon-edit\" ><\/i> Licencia de conducir vigente de tu pa\u00eds o internacional.<\/li>\n<li><i class=\"icon-edit\" ><\/i> Documentos de identificaci\u00f3n.<\/li>\n<li><i class=\"icon-edit\" ><\/i> Tarjeta de cr\u00e9dito o d\u00e9bito a tu nombre.<\/li>\n<li><i class=\"icon-edit\" ><\/i> Ser mayor de 25 a\u00f1os.<\/li>\n<\/ul>\n\n<h2><i class=\"i-margin icon-autumn\"><\/i>Alquiler de coches sin tarjeta de cr\u00e9dito<\/h2>\n<div id=\"attachment_16592\" style=\"width: 260px\" class=\"wp-caption alignright\"><a href=\"https:\/\/www.redb.info\/coches\/imagenes\/tarjetadebito-efectivo.jpg\" rel=\"attachment wp-att-16592\"><img loading=\"lazy\"  data-headline=\"Se puede pagar con tarjeta d\u00e9bito o efectivo\" src=\"https:\/\/www.redb.info\/coches\/imagenes\/tarjetadebito-efectivo-250x188.jpg\" alt=\"Se puede pagar con tarjeta d\u00e9bito o efectivo\" width=\"250\" height=\"188\" class=\"size-medium wp-image-16592\" srcset=\"https:\/\/www.redb.info\/coches\/imagenes\/tarjetadebito-efectivo-250x188.jpg 250w, https:\/\/www.redb.info\/coches\/imagenes\/tarjetadebito-efectivo-150x113.jpg 150w, https:\/\/www.redb.info\/coches\/imagenes\/tarjetadebito-efectivo-768x576.jpg 768w, https:\/\/www.redb.info\/coches\/imagenes\/tarjetadebito-efectivo.jpg 1280w\" sizes=\"(max-width: 250px) 100vw, 250px\" \/><\/a><p class=\"wp-caption-text\">Se puede pagar con tarjeta d\u00e9bito o efectivo<\/p><\/div>\n<p>Algunas empresas ofrecen el servicio de <strong>alquiler de coche sin tarjeta de cr\u00e9dito<\/strong>. Sin embargo, para realizar esta operaci\u00f3n es com\u00fan el requerimiento del <em>costo total<\/em> del dep\u00f3sito como garant\u00eda. Los m\u00e9todos de pago del dep\u00f3sito pueden ser a trav\u00e9s de:<br \/>\n\n<ul class=\"icons\" >\n<li><i class=\"icon-money\" ><\/i> Tarjeta de d\u00e9bito<\/li>\n<li><i class=\"icon-money\" ><\/i> Tarjeta prepagada<\/li>\n<li><i class=\"icon-money\" ><\/i> Efectivo<\/li>\n<\/ul>\n<\/p>\n<div class=\"mas\"><i class=\"i-margin icon-plus-square\"><\/i><a href=\"https:\/\/www.redb.info\/coches\/alquilar-un-coche-sin-tarjeta-de-credito\/\">M\u00e1s informaci\u00f3n sobre Alquiler de coches sin tarjeta de cr\u00e9dito<\/a><\/div>\n<div class=\"clear\"><\/div>\n<h2><i class=\"i-margin icon-car\"><\/i>Alquiler de coches con tarjeta de d\u00e9bito<\/h2>\n<div id=\"attachment_16595\" style=\"width: 260px\" class=\"wp-caption alignright\"><a href=\"https:\/\/www.redb.info\/coches\/imagenes\/tarjetas-de-credito.jpg\" rel=\"attachment wp-att-16595\"><img loading=\"lazy\"  data-headline=\"La tarjeta de cr\u00e9dito facilita los tr\u00e1mites de alquiler de coches\" src=\"https:\/\/www.redb.info\/coches\/imagenes\/tarjetas-de-credito-250x188.jpg\" alt=\"La tarjeta de cr\u00e9dito facilita los tr\u00e1mites de alquiler de coches\" width=\"250\" height=\"188\" class=\"size-medium wp-image-16595\" srcset=\"https:\/\/www.redb.info\/coches\/imagenes\/tarjetas-de-credito-250x188.jpg 250w, https:\/\/www.redb.info\/coches\/imagenes\/tarjetas-de-credito-150x113.jpg 150w, https:\/\/www.redb.info\/coches\/imagenes\/tarjetas-de-credito-768x576.jpg 768w, https:\/\/www.redb.info\/coches\/imagenes\/tarjetas-de-credito.jpg 1280w\" sizes=\"(max-width: 250px) 100vw, 250px\" \/><\/a><p class=\"wp-caption-text\">La tarjeta de cr\u00e9dito facilita los tr\u00e1mites de alquiler de coches<\/p><\/div>\n<p>Es posible la <strong>renta de autos<\/strong> con tarjeta de d\u00e9bito. Estos son los requisitos m\u00e1s comunes de las empresas que aceptan este tipo de pago.<\/p>\n\n<ul class=\"icons\" >\n<li><i class=\"icon-caret-right\" ><\/i> Tu cuenta debe tener suficiente dinero para cubrir el dep\u00f3sito.<\/li>\n<li><i class=\"icon-caret-right\" ><\/i> El dinero que se retiene por el dep\u00f3sito es de tu cuenta. Para ello tus fondos ser\u00e1n menores hasta que se libere el dep\u00f3sito por el alquiler.<\/li>\n<li><i class=\"icon-caret-right\" ><\/i> Las opciones ser\u00e1n limitadas debido a que puede ser riesgoso para la compa\u00f1\u00eda.<\/li>\n<li><i class=\"icon-caret-right\" ><\/i> La retenci\u00f3n por el dep\u00f3sito del alquiler puede durar hasta 15 d\u00edas en algunas ocasiones.<\/li>\n<\/ul>\n\n<div class=\"mas\"><i class=\"i-margin icon-plus-square\"><\/i><a href=\"https:\/\/www.redb.info\/coches\/alquilar-un-coche-con-tarjeta-de-debito\/\">M\u00e1s informaci\u00f3n sobre alquiler de coches con tarjeta de d\u00e9dito<\/a><\/div>\n<div class=\"clear\"><\/div>\n<h2><i class=\"i-margin icon-institution\"><\/i>Empresas de Alquiler de coches<\/h2>\n<table border=\"0\" width=\"100%\" cellspacing=\"10\">\n<tbody>\n<tr>\n<td height=\"50\"><a href=\"https:\/\/www.redb.info\/coches\/advantage-rent-a-car\/\"><img loading=\"lazy\" class=\"alignright size-full wp-image-8754\" title=\"advantage-rent-a-car\" src=\"https:\/\/www.redb.info\/coches\/imagenes\/advantage-rent-a-car.gif\" alt=\"\" width=\"100\" height=\"23\" \/><\/a><\/td>\n<td height=\"50\"><a href=\"https:\/\/www.redb.info\/coches\/alquiler\/alamo-rent-a-car\/\"><img loading=\"lazy\" class=\"alignright size-full wp-image-8755\" title=\"alamo-rent-a-car\" src=\"https:\/\/www.redb.info\/coches\/imagenes\/alamo-rent-a-car.gif\" alt=\"\" width=\"100\" height=\"48\" \/><\/a><\/td>\n<td height=\"50\"><a href=\"https:\/\/www.redb.info\/coches\/alquiler\/avis\/\"><img loading=\"lazy\" class=\"alignright size-full wp-image-8756\" title=\"avis\" src=\"https:\/\/www.redb.info\/coches\/imagenes\/avis.jpg\" alt=\"\" width=\"100\" height=\"38\" \/><\/a><\/td>\n<td height=\"50\"><a href=\"https:\/\/www.redb.info\/coches\/alquiler\/budget\/\"><img loading=\"lazy\" class=\"alignright size-full wp-image-8757\" title=\"Budget-rent\" src=\"https:\/\/www.redb.info\/coches\/imagenes\/Budget-rent.jpg\" alt=\"\" width=\"100\" height=\"53\" \/><\/a><\/td>\n<td height=\"50\"><a href=\"https:\/\/www.redb.info\/coches\/alquiler\/dollar-rent-a-car\/\"><img loading=\"lazy\" class=\"alignright size-full wp-image-8758\" title=\"dollar-rent-a-car\" src=\"https:\/\/www.redb.info\/coches\/imagenes\/dollar-rent-a-car.gif\" alt=\"\" width=\"100\" height=\"49\" \/><\/a><\/td>\n<\/tr>\n<tr>\n<td height=\"50\"><a href=\"https:\/\/www.redb.info\/coches\/alquiler\/e-z-rent-a-car\/\"><img loading=\"lazy\" class=\"alignright size-full wp-image-8761\" title=\"E-Z Rent a Car\" src=\"https:\/\/www.redb.info\/coches\/imagenes\/E-Z-Rent-a-Car.png\" alt=\"\" width=\"100\" height=\"38\" \/><\/a><\/td>\n<td height=\"50\"><a href=\"https:\/\/www.redb.info\/coches\/alquiler\/fox-rent-a-car\/\"><img loading=\"lazy\" class=\"alignright size-full wp-image-8762\" title=\"fox-rent-a-car\" src=\"https:\/\/www.redb.info\/coches\/imagenes\/fox-rent-a-car.gif\" alt=\"\" width=\"100\" height=\"48\" \/><\/a><\/td>\n<td height=\"50\"><a href=\"https:\/\/www.redb.info\/coches\/alquiler\/hertz\/\"><img loading=\"lazy\" class=\"alignright size-full wp-image-8763\" title=\"hertz.com\" src=\"https:\/\/www.redb.info\/coches\/imagenes\/hertz.com_.jpg\" alt=\"\" width=\"100\" height=\"39\" \/><\/a><\/td>\n<td height=\"50\"><a href=\"https:\/\/www.redb.info\/coches\/alquiler\/localiza-rent-a-car\/\"><img loading=\"lazy\" class=\"alignright size-full wp-image-8764\" title=\"localiza-rent\" src=\"https:\/\/www.redb.info\/coches\/imagenes\/localiza-rent.jpg\" alt=\"\" width=\"100\" height=\"45\" \/><\/a><\/td>\n<td height=\"50\"><a href=\"https:\/\/www.redb.info\/coches\/alquiler\/national-car-rental\/\"><img loading=\"lazy\" class=\"alignright size-full wp-image-8765\" title=\"national-car-rental\" src=\"https:\/\/www.redb.info\/coches\/imagenes\/national-car-rental.jpg\" alt=\"\" width=\"100\" height=\"34\" \/><\/a><\/td>\n<\/tr>\n<tr>\n<td height=\"50\"><a href=\"https:\/\/www.redb.info\/coches\/alquiler\/enterprise-rent-a-car\/\"><img loading=\"lazy\" class=\"alignright size-full wp-image-8759\" title=\"enterprise\" src=\"https:\/\/www.redb.info\/coches\/imagenes\/enterprise.gif\" alt=\"\" width=\"100\" height=\"20\" \/><\/a><\/td>\n<td height=\"50\"><a href=\"https:\/\/www.redb.info\/coches\/alquiler\/europcar\/\"><img loading=\"lazy\" class=\"alignright size-full wp-image-8760\" title=\"europcar\" src=\"https:\/\/www.redb.info\/coches\/imagenes\/europcar.gif\" alt=\"\" width=\"100\" height=\"26\" \/><\/a><\/td>\n<td height=\"50\"><a href=\"https:\/\/www.redb.info\/coches\/alquiler\/sixt\/\"><img loading=\"lazy\" class=\"alignright size-full wp-image-8766\" title=\"sixt\" src=\"https:\/\/www.redb.info\/coches\/imagenes\/sixt.jpg\" alt=\"\" width=\"100\" height=\"43\" \/><\/a><\/td>\n<td height=\"50\"><a href=\"https:\/\/www.redb.info\/coches\/alquiler\/thrifty-car-rental\/\"><img loading=\"lazy\" class=\"alignright size-full wp-image-8767\" title=\"thrifty-car-rental\" src=\"https:\/\/www.redb.info\/coches\/imagenes\/thrifty-car-rental.gif\" alt=\"\" width=\"100\" height=\"25\" \/><\/a><\/td>\n<td height=\"50\"><a href=\"https:\/\/www.redb.info\/coches\/alquiler\/auto-jardim\/\"><img loading=\"lazy\" class=\"alignright size-full wp-image-9311\" title=\"Auto Jardim\" src=\"https:\/\/www.redb.info\/coches\/imagenes\/Auto-Jardim.gif\" alt=\"\" width=\"100\" height=\"29\" \/><\/a><\/td>\n<\/tr>\n<tr>\n<td height=\"50\"><a href=\"https:\/\/www.redb.info\/coches\/alquiler\/bk-rent-a-car\/\"><img loading=\"lazy\" class=\"alignright size-full wp-image-9312\" title=\"bk rent a car\" src=\"https:\/\/www.redb.info\/coches\/imagenes\/bk-rent-a-car.jpg\" alt=\"\" width=\"100\" height=\"47\" \/><\/a><\/td>\n<td height=\"50\"><a href=\"https:\/\/www.redb.info\/coches\/alquiler\/econorent-car-rental\/\"><img loading=\"lazy\" class=\"alignright size-full wp-image-9313\" title=\"Econorent car rental\" src=\"https:\/\/www.redb.info\/coches\/imagenes\/econorent-car-rental.jpg\" alt=\"\" width=\"100\" height=\"47\" \/><\/a><\/td>\n<td height=\"50\"><a href=\"https:\/\/www.redb.info\/coches\/alquiler\/payless-car\/\"><img loading=\"lazy\" class=\"alignright size-full wp-image-9315\" title=\"payless car rental\" src=\"https:\/\/www.redb.info\/coches\/imagenes\/payless-car-rental.jpg\" alt=\"\" width=\"100\" height=\"46\" \/><\/a><\/td>\n<td height=\"50\"><a href=\"https:\/\/www.redb.info\/coches\/alquiler\/u-save-car-truck-rental\/\"><img loading=\"lazy\" class=\"alignright size-full wp-image-9316\" title=\"U save car &amp; truck\" src=\"https:\/\/www.redb.info\/coches\/imagenes\/U-save-car-truck-.png\" alt=\"\" width=\"100\" height=\"37\" \/><\/a><\/td>\n<td height=\"50\"><a href=\"https:\/\/www.redb.info\/coches\/alquiler\/locauto-rent\/\"><img loading=\"lazy\" class=\"alignright size-full wp-image-9318\" title=\"Locauto rent\" src=\"https:\/\/www.redb.info\/coches\/imagenes\/logo_locauto.jpg\" alt=\"\" width=\"100\" height=\"35\" \/><\/a><\/td>\n<\/tr>\n<\/tbody>\n<\/table>\n<h2><i class=\"i-margin icon-flag\"><\/i>Alquiler de coches en cada pa\u00eds<\/h2>\n<div id=\"attachment_16591\" style=\"width: 260px\" class=\"wp-caption alignright\"><a href=\"https:\/\/www.redb.info\/coches\/imagenes\/alquilerautos.jpg\" rel=\"attachment wp-att-16591\"><img loading=\"lazy\"  data-headline=\"Alquiler de autos en cada pa\u00eds\" src=\"https:\/\/www.redb.info\/coches\/imagenes\/alquilerautos-250x188.jpg\" alt=\"Alquiler de autos en cada pa\u00eds\" width=\"250\" height=\"188\" class=\"size-medium wp-image-16591\" srcset=\"https:\/\/www.redb.info\/coches\/imagenes\/alquilerautos-250x188.jpg 250w, https:\/\/www.redb.info\/coches\/imagenes\/alquilerautos-150x113.jpg 150w, https:\/\/www.redb.info\/coches\/imagenes\/alquilerautos-768x576.jpg 768w, https:\/\/www.redb.info\/coches\/imagenes\/alquilerautos.jpg 1280w\" sizes=\"(max-width: 250px) 100vw, 250px\" \/><\/a><p class=\"wp-caption-text\">Alquiler de autos en cada pa\u00eds<\/p><\/div>\n<p>Las empresas de alquiler de coches cuentan con sedes en Europa, Am\u00e9rica del Norte, Am\u00e9rica del Sur, Am\u00e9rica Central, El Caribe, \u00c1frica, Asia y Ocean\u00eda. Por ellos sus oficinas est\u00e1n disponibles en las principales <strong>ciudades de cada pa\u00eds<\/strong>. Entre ellos se encuentran:<\/p>\n<table>\n<tbody>\n<tr>\n<td><i class=\"i-margin icon-star\" ><\/i><a title=\"Alquiler de coches en Alemania\" href=\"https:\/\/www.redb.info\/coches\/alquiler\/alemania\/\">Alemania<\/a><\/td>\n<td><i class=\"i-margin icon-star\" ><\/i><a title=\"Alquiler de coches en Espa\u00f1a\" href=\"https:\/\/www.redb.info\/coches\/alquiler\/espana\/\">Espa\u00f1a<\/a><\/td>\n<\/tr>\n<tr>\n<td><i class=\"i-margin icon-star\" ><\/i><a title=\"Alquiler de coches en Francia\" href=\"https:\/\/www.redb.info\/coches\/alquiler\/francia\/\">Francia<\/a><\/td>\n<td><i class=\"i-margin icon-star\" ><\/i><a title=\"Alquiler de coches en Reino Unido\" href=\"https:\/\/www.redb.info\/coches\/alquiler\/reino-unido\/\">Reino Unido<\/a><\/td>\n<\/tr>\n<tr>\n<td><i class=\"i-margin icon-star\" ><\/i><a title=\"Alquiler de coches en Grecia\" href=\"https:\/\/www.redb.info\/coches\/alquiler\/grecia\/\">Grecia<\/a><\/td>\n<td><i class=\"i-margin icon-star\" ><\/i><a title=\"Alquiler de coches en Italia\" href=\"https:\/\/www.redb.info\/coches\/alquiler\/italia\/\">Italia<\/a><\/td>\n<\/tr>\n<tr>\n<td><i class=\"i-margin icon-star\" ><\/i><a title=\"Alquiler de coches en Estados Unidos\" href=\"https:\/\/www.redb.info\/coches\/alquiler\/estados-unidos\/\">Estados Unidos<\/a><\/td>\n<td><i class=\"i-margin icon-star\" ><\/i><a title=\"Alquiler de coches en M\u00e9xico\" href=\"https:\/\/www.redb.info\/coches\/alquiler\/mexico\/\">M\u00e9xico<\/a><\/td>\n<\/tr>\n<tr>\n<td><i class=\"i-margin icon-star\" ><\/i><a title=\"Alquiler de coches en Argentina\" href=\"https:\/\/www.redb.info\/coches\/alquiler\/argentina\/\">Argentina<\/a><\/td>\n<td><i class=\"i-margin icon-star\" ><\/i><a title=\"Alquiler de coches en Brasil\" href=\"https:\/\/www.redb.info\/coches\/alquiler\/brasil\/\">Brasil<\/a><\/td>\n<\/tr>\n<tr>\n<td><i class=\"i-margin icon-star\" ><\/i><a title=\"Alquiler de coches en Chile\" href=\"https:\/\/www.redb.info\/coches\/alquiler\/chile\/\">Chile<\/a><\/td>\n<td><i class=\"i-margin icon-star\" ><\/i><a title=\"Alquiler de coches en Per\u00fa\" href=\"https:\/\/www.redb.info\/coches\/alquiler\/peru\/\">Per\u00fa<\/a><\/td>\n<\/tr>\n<tr>\n<td><i class=\"i-margin icon-star\" ><\/i><a title=\"El Caribe\" href=\"https:\/\/www.redb.info\/coches\/alquiler\/caribe\/\">El Caribe<\/a><\/td>\n<td><i class=\"i-margin icon-star\" ><\/i><a title=\"Alquiler de coches en Botswana\" href=\"https:\/\/www.redb.info\/coches\/alquiler\/botswana\/\">Botswana<\/a><\/td>\n<\/tr>\n<tr>\n<td><i class=\"i-margin icon-star\" ><\/i><a title=\"Alquiler de coches en China\" href=\"https:\/\/www.redb.info\/coches\/alquiler\/china\/\">China<\/a><\/td>\n<\/tr>\n<\/tbody>\n<\/table>\n<div class=\"clear\"><\/div>\n<div class=\"mas\"><i class=\"i-margin icon-plus-square\"><\/i><a href=\"https:\/\/www.redb.info\/coches\/alquiler-de-coches-en-cada-pais\/\">M\u00e1s informaci\u00f3n sobre alquiler de autos en cada pa\u00eds<\/a><\/div>\n<h2><i class=\"i-margin icon-th-list\"><\/i><a href=\"https:\/\/www.redb.info\/coches\/consejos-para-alquilar-un-coche\/\">Consejos para alquilar un coche<\/a><\/h2>\n<p>Es importante informarte sobre las desventajas y los beneficios que puedes tener al alquilar un coche. Por ello, te presentamos <strong>consejos \u00fatiles<\/strong> que debes tener en cuenta al momento de solicitar el servicio de renta de autos .<\/p>\n\n<ul class=\"icons\" >\n<li><i class=\"icon-caret-right\" ><\/i> <a href=\"https:\/\/www.redb.info\/coches\/consejos-para-alquilar-un-coche-en-canada\/\">Consejos para alquilar un coche en Canad\u00e1<\/a><\/li>\n<li><i class=\"icon-caret-right\" ><\/i> <a href=\"https:\/\/www.redb.info\/coches\/consejos-para-alquilar-un-coche-en-colombia\/\">Consejos para alquilar un coche en Colombia<\/a><\/li>\n<li><i class=\"icon-caret-right\" ><\/i> <a href=\"https:\/\/www.redb.info\/coches\/como-alquilar-un-coche-en-el-aeropuerto\/\">\u00bfC\u00f3mo alquilar un coche en el aeropuerto?<\/a><\/li>\n<li><i class=\"icon-caret-right\" ><\/i> <a href=\"https:\/\/www.redb.info\/coches\/como-alquilar-un-coche\/\">\u00bfC\u00f3mo alquilar un coche?<\/a><\/li>\n<li><i class=\"icon-caret-right\" ><\/i> <a href=\"https:\/\/www.redb.info\/coches\/como-alquilar-un-coche-en-estados-unidos\/\">\u00bfC\u00f3mo alquilar un coche en Estados Unidos?<\/a><\/li>\n<li><i class=\"icon-caret-right\" ><\/i> <a href=\"https:\/\/www.redb.info\/coches\/como-alquilar-coches-en-italia\/\">C\u00f3mo alquilar coches en Italia<\/a><\/li>\n<li><i class=\"icon-caret-right\" ><\/i> <a href=\"https:\/\/www.redb.info\/coches\/como-puedo-alquilar-un-coche\/\">\u00bfC\u00f3mo puedo alquilar un coche?<\/a><\/li>\n<li><i class=\"icon-caret-right\" ><\/i> <a href=\"https:\/\/www.redb.info\/coches\/como-alquilar-un-coche-en-dubai\/\">\u00bfC\u00f3mo alquilar un coche en Dubai?<\/a><\/li>\n<\/ul>\n<br \/>\n<div class=\"adv-up\"><script async src=\"\/\/pagead2.googlesyndication.com\/pagead\/js\/adsbygoogle.js\"><\/script>\r\n<!-- Redb.info conte-up 336x280 -->\r\n<ins class=\"adsbygoogle\"\r\n     style=\"display:inline-block;width:336px;height:280px\"\r\n     data-ad-client=\"ca-pub-0990833658589974\"\r\n     data-ad-slot=\"4545034929\"><\/ins>\r\n<script>\r\n(adsbygoogle = window.adsbygoogle || []).push({});\r\n<\/script><\/div><\/p>\n","protected":false},"excerpt":{"rendered":"<p>Encuentra en Redb.info toda la informaci\u00f3n que necesites para solicitar el servicio de alquiler de coches. En esta p\u00e1gina podr\u00e1s consultar nuestras gu\u00edas de c\u00f3mo rentar un auto dependiendo del lugar donde est\u00e9s y, de igual forma, recibir informaci\u00f3n de los aeropuertos cercanos. Algunas empresas ofrecen el servicio de alquiler de coche sin tarjeta de [&hellip;]<\/p>\n","protected":false},"author":3,"featured_media":0,"parent":0,"menu_order":0,"comment_status":"open","ping_status":"closed","template":"","meta":[],"yoast_head":"<!-- This site is optimized with the Yoast SEO plugin v15.7 - https:\/\/yoast.com\/wordpress\/plugins\/seo\/ -->\n<meta name=\"description\" content=\"En Redb.info podr\u00e1s encontrar toda la informaci\u00f3n que necesites para solicitar el servicio de alquiler de coches en distintos pa\u00edses.\" \/>\n<meta name=\"robots\" content=\"index, follow, max-snippet:-1, max-image-preview:large, max-video-preview:-1\" \/>\n<link rel=\"canonical\" href=\"https:\/\/www.redb.info\/coches\/\" \/>\n<meta property=\"og:locale\" content=\"es_ES\" \/>\n<meta property=\"og:type\" content=\"article\" \/>\n<meta property=\"og:title\" content=\"Alquiler de coches\" \/>\n<meta property=\"og:description\" content=\"En Redb.info podr\u00e1s encontrar toda la informaci\u00f3n que necesites para solicitar el servicio de alquiler de coches en distintos pa\u00edses.\" \/>\n<meta property=\"og:url\" content=\"https:\/\/www.redb.info\/coches\/\" \/>\n<meta property=\"og:site_name\" content=\"Alquiler de coches\" \/>\n<meta property=\"article:modified_time\" content=\"2021-08-25T17:29:44+00:00\" \/>\n<meta property=\"og:image\" content=\"https:\/\/www.redb.info\/coches\/imagenes\/Alquiler-de-coches-250x141.jpg\" \/>\n<meta name=\"twitter:card\" content=\"summary\" \/>\n<meta name=\"twitter:site\" content=\"@redb_coches\" \/>\n<meta name=\"twitter:label1\" content=\"Tiempo de lectura\">\n\t<meta name=\"twitter:data1\" content=\"3 minutos\">\n<script type=\"application\/ld+json\" class=\"yoast-schema-graph\">{\"@context\":\"https:\/\/schema.org\",\"@graph\":[{\"@type\":\"WebSite\",\"@id\":\"https:\/\/www.redb.info\/coches\/#website\",\"url\":\"https:\/\/www.redb.info\/coches\/\",\"name\":\"Alquiler de coches\",\"description\":\"Directorio de empresas de alquiler de autos\",\"potentialAction\":[{\"@type\":\"SearchAction\",\"target\":\"https:\/\/www.redb.info\/coches\/?s={search_term_string}\",\"query-input\":\"required name=search_term_string\"}],\"inLanguage\":\"es\"},{\"@type\":\"ImageObject\",\"@id\":\"https:\/\/www.redb.info\/coches\/#primaryimage\",\"inLanguage\":\"es\",\"url\":\"https:\/\/www.redb.info\/coches\/imagenes\/Alquiler-de-coches.jpg\",\"width\":1800,\"height\":1012,\"caption\":\"Alquiler de coches\"},{\"@type\":\"WebPage\",\"@id\":\"https:\/\/www.redb.info\/coches\/#webpage\",\"url\":\"https:\/\/www.redb.info\/coches\/\",\"name\":\"Alquiler de coches\",\"isPartOf\":{\"@id\":\"https:\/\/www.redb.info\/coches\/#website\"},\"primaryImageOfPage\":{\"@id\":\"https:\/\/www.redb.info\/coches\/#primaryimage\"},\"datePublished\":\"2011-12-30T22:19:53+00:00\",\"dateModified\":\"2021-08-25T17:29:44+00:00\",\"description\":\"En Redb.info podr\\u00e1s encontrar toda la informaci\\u00f3n que necesites para solicitar el servicio de alquiler de coches en distintos pa\\u00edses.\",\"inLanguage\":\"es\",\"potentialAction\":[{\"@type\":\"ReadAction\",\"target\":[\"https:\/\/www.redb.info\/coches\/\"]}]}]}<\/script>\n<!-- \/ Yoast SEO plugin. -->","_links":{"self":[{"href":"https:\/\/www.redb.info\/coches\/wp-json\/wp\/v2\/pages\/8652"}],"collection":[{"href":"https:\/\/www.redb.info\/coches\/wp-json\/wp\/v2\/pages"}],"about":[{"href":"https:\/\/www.redb.info\/coches\/wp-json\/wp\/v2\/types\/page"}],"author":[{"embeddable":true,"href":"https:\/\/www.redb.info\/coches\/wp-json\/wp\/v2\/users\/3"}],"replies":[{"embeddable":true,"href":"https:\/\/www.redb.info\/coches\/wp-json\/wp\/v2\/comments?post=8652"}],"version-history":[{"count":0,"href":"https:\/\/www.redb.info\/coches\/wp-json\/wp\/v2\/pages\/8652\/revisions"}],"wp:attachment":[{"href":"https:\/\/www.redb.info\/coches\/wp-json\/wp\/v2\/media?parent=8652"}],"curies":[{"name":"wp","href":"https:\/\/api.w.org\/{rel}","templated":true}]}}