{"id":11796,"date":"2013-01-22T21:34:10","date_gmt":"2013-01-22T19:34:10","guid":{"rendered":"https:\/\/www.redb.info\/coches\/?page_id=11796"},"modified":"2018-02-21T22:48:08","modified_gmt":"2018-02-22T03:48:08","slug":"advertencia-legal","status":"publish","type":"page","link":"https:\/\/www.redb.info\/coches\/advertencia-legal\/","title":{"rendered":"Advertencia legal"},"content":{"rendered":"<p>Redb.info es una p\u00e1gina informativa, no es un agente de viajes y tampoco cobra a sus usuarios por los servicios de informaci\u00f3n que presta en su p\u00e1gina.<\/p>\n<p>Redb.info no garantiza la precisi\u00f3n o fiabilidad de las prestaciones, servicios, informaci\u00f3n y productos disponibles en su p\u00e1gina.<\/p>\n<p>Redb.info no asumir\u00e1, bajo ninguna circunstancia, la responsabilidad de cualquier tipo de reclamaci\u00f3n, da\u00f1o, p\u00e9rdida o demanda de ning\u00fan tipo como consecuencia de la informaci\u00f3n aqu\u00ed suministrada, el servicio, las prestaciones y\/o los productos, incluyendo, sin limitaci\u00f3n, p\u00e9rdidas directas, indirectas o accidentales.<\/p>\n<p>Por favor verifique la informaci\u00f3n relevante para su desplazamiento (visados, seguridad y salud, aduanas y destino final) con anterioridad a la adquisici\u00f3n efectiva de ning\u00fan producto de viaje que se trate.<\/p>\n","protected":false},"excerpt":{"rendered":"<p>Redb.info es una p\u00e1gina informativa, no es un agente de viajes y tampoco cobra a sus usuarios por los servicios de informaci\u00f3n que presta en su p\u00e1gina. Redb.info no garantiza la precisi\u00f3n o fiabilidad de las prestaciones, servicios, informaci\u00f3n y productos disponibles en su p\u00e1gina. Redb.info no asumir\u00e1, bajo ninguna circunstancia, la responsabilidad de cualquier [&hellip;]<\/p>\n","protected":false},"author":3,"featured_media":0,"parent":0,"menu_order":0,"comment_status":"open","ping_status":"closed","template":"","meta":[],"yoast_head":"<!-- This site is optimized with the Yoast SEO plugin v15.7 - https:\/\/yoast.com\/wordpress\/plugins\/seo\/ -->\n<meta name=\"description\" content=\"Redb.info es una p\u00e1gina informativa, no es un agente de viajes y tampoco cobra a sus usuarios por los servicios de informaci\u00f3n que presta en su p\u00e1gina.\" \/>\n<meta name=\"robots\" content=\"noindex, follow\" \/>\n<meta property=\"og:locale\" content=\"es_ES\" \/>\n<meta property=\"og:type\" content=\"article\" \/>\n<meta property=\"og:title\" content=\"Advertencia legal - Alquiler de coches\" \/>\n<meta property=\"og:description\" content=\"Redb.info es una p\u00e1gina informativa, no es un agente de viajes y tampoco cobra a sus usuarios por los servicios de informaci\u00f3n que presta en su p\u00e1gina.\" \/>\n<meta property=\"og:url\" content=\"https:\/\/www.redb.info\/coches\/advertencia-legal\/\" \/>\n<meta property=\"og:site_name\" content=\"Alquiler de coches\" \/>\n<meta property=\"article:modified_time\" content=\"2018-02-22T03:48:08+00:00\" \/>\n<meta name=\"twitter:card\" content=\"summary\" \/>\n<meta name=\"twitter:site\" content=\"@redb_coches\" \/>\n<meta name=\"twitter:label1\" content=\"Tiempo de lectura\">\n\t<meta name=\"twitter:data1\" content=\"1 minuto\">\n<script type=\"application\/ld+json\" class=\"yoast-schema-graph\">{\"@context\":\"https:\/\/schema.org\",\"@graph\":[{\"@type\":\"WebSite\",\"@id\":\"https:\/\/www.redb.info\/coches\/#website\",\"url\":\"https:\/\/www.redb.info\/coches\/\",\"name\":\"Alquiler de coches\",\"description\":\"Directorio de empresas de alquiler de autos\",\"potentialAction\":[{\"@type\":\"SearchAction\",\"target\":\"https:\/\/www.redb.info\/coches\/?s={search_term_string}\",\"query-input\":\"required name=search_term_string\"}],\"inLanguage\":\"es\"},{\"@type\":\"WebPage\",\"@id\":\"https:\/\/www.redb.info\/coches\/advertencia-legal\/#webpage\",\"url\":\"https:\/\/www.redb.info\/coches\/advertencia-legal\/\",\"name\":\"Advertencia legal - Alquiler de coches\",\"isPartOf\":{\"@id\":\"https:\/\/www.redb.info\/coches\/#website\"},\"datePublished\":\"2013-01-22T19:34:10+00:00\",\"dateModified\":\"2018-02-22T03:48:08+00:00\",\"description\":\"Redb.info es una p\\u00e1gina informativa, no es un agente de viajes y tampoco cobra a sus usuarios por los servicios de informaci\\u00f3n que presta en su p\\u00e1gina.\",\"inLanguage\":\"es\",\"potentialAction\":[{\"@type\":\"ReadAction\",\"target\":[\"https:\/\/www.redb.info\/coches\/advertencia-legal\/\"]}]}]}<\/script>\n<!-- \/ Yoast SEO plugin. -->","_links":{"self":[{"href":"https:\/\/www.redb.info\/coches\/wp-json\/wp\/v2\/pages\/11796"}],"collection":[{"href":"https:\/\/www.redb.info\/coches\/wp-json\/wp\/v2\/pages"}],"about":[{"href":"https:\/\/www.redb.info\/coches\/wp-json\/wp\/v2\/types\/page"}],"author":[{"embeddable":true,"href":"https:\/\/www.redb.info\/coches\/wp-json\/wp\/v2\/users\/3"}],"replies":[{"embeddable":true,"href":"https:\/\/www.redb.info\/coches\/wp-json\/wp\/v2\/comments?post=11796"}],"version-history":[{"count":0,"href":"https:\/\/www.redb.info\/coches\/wp-json\/wp\/v2\/pages\/11796\/revisions"}],"wp:attachment":[{"href":"https:\/\/www.redb.info\/coches\/wp-json\/wp\/v2\/media?parent=11796"}],"curies":[{"name":"wp","href":"https:\/\/api.w.org\/{rel}","templated":true}]}}